{"id":1588,"date":"2019-06-21T15:04:49","date_gmt":"2019-06-21T15:04:49","guid":{"rendered":"https:\/\/salon-a.es\/beauty"},"modified":"2026-02-17T10:15:53","modified_gmt":"2026-02-17T10:15:53","slug":"belleza","status":"publish","type":"page","link":"https:\/\/salon-a.es\/es\/belleza","title":{"rendered":"Belleza"},"content":{"rendered":"<div class=\"wpb-content-wrapper\"><p>[vc_row css=&#8221;.vc_custom_1485535037496{margin-top: 50px !important;}&#8221;][vc_column width=&#8221;1\/4&#8243;]<div style=\"background-color:;height: 10px\" class=\"nicdark_section  \"><\/div>\n\n    <div class=\"nd_options_section  nd_options_text_align_left \">\n\n        <img decoding=\"async\" style=\"margin-top:px\" alt=\"\" width=\"300\" src=\"https:\/\/salon-a.es\/wp-content\/uploads\/2019\/07\/fusspflege.jpg\">\n\n        <div class=\"nd_options_section nd_options_box_sizing_border_box\">\n            \n            <h3 class=\"nd_options_first_font nd_options_font_weight_bolder \" style=\"margin:10px 0px 0px 0px;color:#575756;font-size:25px;line-height:25px\">Cuidado de los pies<\/h3> \n            <p class=\"nd_options_second_font  \" style=\"margin:20px 0px;color:#a3a3a3;font-size:14px;line-height:24px\">\u00a1Rel\u00e1jate y disfruta de un tratamiento manual de unos 45 minutos! Si lo deseas, tambi\u00e9n puedes embellecer a\u00fan m\u00e1s tus u\u00f1as con esmalte cl\u00e1sico o Shellac.<br \/>\nA partir de 39 \u20ac por la pedicura cl\u00e1sica, m\u00e1s 5 \u20ac por el esmalte, m\u00e1s 9 \u20ac por el esmalte Shellac. La eliminaci\u00f3n del esmalte antiguo se cobra aparte.<\/p> \n            \n\n        <\/div>\n\n    <\/div>\n\n  <div style=\"background-color:;height: 10px\" class=\"nicdark_section  \"><\/div>[\/vc_column][vc_column width=&#8221;1\/4&#8243;]<div style=\"background-color:;height: 10px\" class=\"nicdark_section  \"><\/div>\n\n    <div class=\"nd_options_section  nd_options_text_align_left \">\n\n        <img decoding=\"async\" style=\"margin-top:px\" alt=\"\" width=\"300\" src=\"https:\/\/salon-a.es\/wp-content\/uploads\/2019\/07\/warmwachs.jpg\">\n\n        <div class=\"nd_options_section nd_options_box_sizing_border_box\">\n            \n            <h3 class=\"nd_options_first_font nd_options_font_weight_bolder \" style=\"margin:10px 0px 0px 0px;color:#575756;font-size:25px;line-height:25px\">Depilaci\u00f3n con cera caliente<\/h3> \n            <p class=\"nd_options_second_font  \" style=\"margin:20px 0px;color:#a3a3a3;font-size:14px;line-height:24px\">La depilaci\u00f3n con cera caliente es otro de los servicios m\u00e1s populares que ofrecemos.<br \/>\nEl precio se calcula en funci\u00f3n de la zona del cuerpo.<\/p> \n            \n\n        <\/div>\n\n    <\/div>\n\n  <div style=\"background-color:;height: 10px\" class=\"nicdark_section  \"><\/div>[\/vc_column][vc_column width=&#8221;1\/4&#8243;]<div style=\"background-color:;height: 10px\" class=\"nicdark_section  \"><\/div>\n\n    <div class=\"nd_options_section  nd_options_text_align_left \">\n\n        <img decoding=\"async\" style=\"margin-top:px\" alt=\"\" width=\"300\" src=\"https:\/\/salon-a.es\/wp-content\/uploads\/2019\/07\/maniku\u0308re.jpg\">\n\n        <div class=\"nd_options_section nd_options_box_sizing_border_box\">\n            \n            <h3 class=\"nd_options_first_font nd_options_font_weight_bolder \" style=\"margin:10px 0px 0px 0px;color:#575756;font-size:25px;line-height:25px\">Manicura<\/h3> \n            <p class=\"nd_options_second_font  \" style=\"margin:20px 0px;color:#a3a3a3;font-size:14px;line-height:24px\">Disfruta de la manicura cl\u00e1sica y reg\u00e1late adem\u00e1s un masaje de manos. O una mascarilla de parafina para manos especialmente estropeadas.<br \/>\nA partir de 19 \u20ac, sin incluir esmalte, Shellac ni mascarilla de parafina.<\/p> \n            \n\n        <\/div>\n\n    <\/div>\n\n  <div style=\"background-color:;height: 10px\" class=\"nicdark_section  \"><\/div>[\/vc_column][vc_column width=&#8221;1\/4&#8243;]<div style=\"background-color:;height: 10px\" class=\"nicdark_section  \"><\/div>\n\n    <div class=\"nd_options_section  nd_options_text_align_left \">\n\n        <img decoding=\"async\" style=\"margin-top:px\" alt=\"\" width=\"300\" src=\"https:\/\/salon-a.es\/wp-content\/uploads\/2019\/07\/nagelmodellage.jpg\">\n\n        <div class=\"nd_options_section nd_options_box_sizing_border_box\">\n            \n            <h3 class=\"nd_options_first_font nd_options_font_weight_bolder \" style=\"margin:10px 0px 0px 0px;color:#575756;font-size:25px;line-height:25px\">Esmalte cl\u00e1sico y Shellac<\/h3> \n            <p class=\"nd_options_second_font  \" style=\"margin:20px 0px;color:#a3a3a3;font-size:14px;line-height:24px\">Por supuesto, tambi\u00e9n ofrecemos esmaltes cl\u00e1sicos y Shellac. Con Shellac solo se aplica una mezcla de esmalte y gel sobre la u\u00f1a, sin alargar ni dar forma a la misma.<br \/>\nManicura incluida 25 \u20ac, con Shellac 34 \u20ac, la eliminaci\u00f3n del esmalte existente se cobra aparte.<\/p> \n            \n\n        <\/div>\n\n    <\/div>\n\n  <div style=\"background-color:;height: 10px\" class=\"nicdark_section  \"><\/div>[\/vc_column][\/vc_row][vc_row css=&#8221;.vc_custom_1485535037496{margin-top: 50px !important;}&#8221;][vc_column width=&#8221;1\/4&#8243;]<div style=\"background-color:;height: 10px\" class=\"nicdark_section  \"><\/div>\n\n    <div class=\"nd_options_section  nd_options_text_align_left \">\n\n        <img decoding=\"async\" style=\"margin-top:px\" alt=\"\" width=\"300\" src=\"https:\/\/salon-a.es\/wp-content\/uploads\/2017\/01\/parallax-12-1024x683.jpg\">\n\n        <div class=\"nd_options_section nd_options_box_sizing_border_box\">\n            \n            <h3 class=\"nd_options_first_font nd_options_font_weight_bolder \" style=\"margin:10px 0px 0px 0px;color:#575756;font-size:25px;line-height:25px\">Tratamientos faciales<\/h3> \n            <p class=\"nd_options_second_font  \" style=\"margin:20px 0px;color:#a3a3a3;font-size:14px;line-height:24px\">\u00bfQuieres un tratamiento facial? D\u00e9janos mimarte.<br \/>\n<b>Tratamiento cl\u00e1sico:<\/b> 30 min, incluye: limpieza, exfoliaci\u00f3n, cuidado final 49 \u20ac<br \/>\n<b>Tratamiento premium:<\/b> 60 min, incluye: limpieza, exfoliaci\u00f3n, mascarilla, masaje y cuidado final 79 \u20ac<br \/>\n<b>Premium plus:<\/b> 90 min + ampolla y masaje adicional 89 \u20ac<\/p> \n            \n\n        <\/div>\n\n    <\/div>\n\n  <div style=\"background-color:;height: 10px\" class=\"nicdark_section  \"><\/div>[\/vc_column][vc_column width=&#8221;1\/4&#8243;]<div style=\"background-color:;height: 10px\" class=\"nicdark_section  \"><\/div>\n\n    <div class=\"nd_options_section  nd_options_text_align_left \">\n\n        <img decoding=\"async\" style=\"margin-top:px\" alt=\"\" width=\"300\" src=\"https:\/\/salon-a.es\/wp-content\/uploads\/2020\/02\/Makeup-1.jpg\">\n\n        <div class=\"nd_options_section nd_options_box_sizing_border_box\">\n            \n            <h3 class=\"nd_options_first_font nd_options_font_weight_bolder \" style=\"margin:10px 0px 0px 0px;color:#575756;font-size:25px;line-height:25px\">Maquillajes<\/h3> \n            <p class=\"nd_options_second_font  \" style=\"margin:20px 0px;color:#a3a3a3;font-size:14px;line-height:24px\">\u00bfQuieres maquillarte? Ya sea natural, glamuroso o extravagante... \u00a1te pondremos en escena! Los precios var\u00edan.<br \/>\nA partir de 15 euros.<\/p> \n            \n\n        <\/div>\n\n    <\/div>\n\n  <div style=\"background-color:;height: 10px\" class=\"nicdark_section  \"><\/div>[\/vc_column][vc_column width=&#8221;1\/4&#8243;]<div style=\"background-color:;height: 10px\" class=\"nicdark_section  \"><\/div>\n\n    <div class=\"nd_options_section  nd_options_text_align_left \">\n\n        <img decoding=\"async\" style=\"margin-top:px\" alt=\"\" width=\"300\" src=\"https:\/\/salon-a.es\/wp-content\/uploads\/2020\/02\/augenbrauenwimpern-1.jpg\">\n\n        <div class=\"nd_options_section nd_options_box_sizing_border_box\">\n            \n            <h3 class=\"nd_options_first_font nd_options_font_weight_bolder \" style=\"margin:10px 0px 0px 0px;color:#575756;font-size:25px;line-height:25px\">Cejas y pesta\u00f1as<\/h3> \n            <p class=\"nd_options_second_font  \" style=\"margin:20px 0px;color:#a3a3a3;font-size:14px;line-height:24px\">Un servicio cada vez m\u00e1s popular e indispensable es el tinte y la depilaci\u00f3n de cejas, as\u00ed como el tinte de pesta\u00f1as. Este servicio tambi\u00e9n es est\u00e1ndar en nuestro sal\u00f3n.<br \/>\nA partir de 7 euros.<\/p> \n            \n\n        <\/div>\n\n    <\/div>\n\n  <div style=\"background-color:;height: 10px\" class=\"nicdark_section  \"><\/div>[\/vc_column][vc_column width=&#8221;1\/4&#8243;]<div style=\"background-color:;height: 10px\" class=\"nicdark_section  \"><\/div>\n\n    <div class=\"nd_options_section  nd_options_text_align_left \">\n\n        <img decoding=\"async\" style=\"margin-top:px\" alt=\"\" width=\"300\" src=\"https:\/\/salon-a.es\/wp-content\/uploads\/2020\/02\/wimpern-Kopie.jpg\">\n\n        <div class=\"nd_options_section nd_options_box_sizing_border_box\">\n            \n            <h3 class=\"nd_options_first_font nd_options_font_weight_bolder \" style=\"margin:10px 0px 0px 0px;color:#575756;font-size:25px;line-height:25px\">Levantamiento de pesta\u00f1as<\/h3> \n            <p class=\"nd_options_second_font  \" style=\"margin:20px 0px;color:#a3a3a3;font-size:14px;line-height:24px\">Con el lifting de pesta\u00f1as conseguimos una mirada perfecta a partir de las pesta\u00f1as naturales. La revolucionaria f\u00f3rmula proporciona en muy poco tiempo unas pesta\u00f1as largas, curvadas y voluminosas. Adi\u00f3s, rizador de pesta\u00f1as. \u00a1Hola, ojos radiantes!<br \/>\nDuraci\u00f3n aprox. 45 min, incluyendo el tinte de pesta\u00f1as: 35 euros.<\/p> \n            \n\n        <\/div>\n\n    <\/div>\n\n  <div style=\"background-color:;height: 10px\" class=\"nicdark_section  \"><\/div>[\/vc_column][\/vc_row][vc_section full_width=&#8221;stretch_row&#8221;][vc_row css=&#8221;.vc_custom_1485535048021{margin-top: 50px !important;}&#8221;][vc_column]<div style=\"background-color:#f1f1f1;height: 1px\" class=\"nicdark_section  \"><\/div>[\/vc_column][\/vc_row][vc_row full_width=&#8221;stretch_row&#8221; content_placement=&#8221;middle&#8221;][vc_column]<div style=\"background-color:;height: 40px\" class=\"nicdark_section  \"><\/div> <h2 style=\"color:#575756;padding:px;text-align:center;font-size:30px;line-height:px;letter-spacing: 3px;font-weight:bold\" class=\"   nd_options_first_font \">IMPRESIONES DEL SAL\u00d3N A<\/h2> <div style=\"background-color:;height: 20px\" class=\"nicdark_section  \"><\/div>[vc_images_carousel images=&#8221;2145,2147,2149,2151,2153,2155,2157,2159,2161,2163,2165,2167,2169,2171,2173,2175&#8243; img_size=&#8221;full&#8221; speed=&#8221;3000&#8243; slides_per_view=&#8221;4&#8243; autoplay=&#8221;yes&#8221; hide_pagination_control=&#8221;yes&#8221; wrap=&#8221;yes&#8221; css=&#8221;&#8221;]<div style=\"background-color:;height: 40px\" class=\"nicdark_section  \"><\/div>[\/vc_column][\/vc_row][\/vc_section][vc_row full_width=&#8221;stretch_row&#8221; gap=&#8221;15&#8243; content_placement=&#8221;middle&#8221; css=&#8221;.vc_custom_1767621290636{margin-top: 70px !important;background-color: #CBBBA0 !important;background-position: 0 0 !important;background-repeat: no-repeat !important;}&#8221; el_id=&#8221;nd_options_section_contact&#8221;][vc_column css=&#8221;.vc_custom_1561131072808{margin-top: 100px !important;padding-top: 30px !important;padding-right: 30px !important;padding-bottom: 15px !important;padding-left: 30px !important;background-color: #cbbba0 !important;}&#8221; el_class=&#8221;nd_options_margin_top_0_first_div_important_responsive&#8221;] <h5 style=\"color:#ffffff;padding:px;text-align:center;font-size:px;line-height:px;letter-spacing: 3px;font-weight:bold\" class=\"   nd_options_second_font \">CONTACTO<\/h5> <div style=\"background-color:;height: 10px\" class=\"nicdark_section  \"><\/div> <h2 style=\"color:#ffffff;padding:px;text-align:center;font-size:25px;line-height:35px;letter-spacing: px;font-weight:normal\" class=\"   nd_options_first_font \">Concierta tu cita por tel\u00e9fono, correo electr\u00f3nico o simplemente a trav\u00e9s de Whatsapp.<\/h2> <div style=\"background-color:;height: 20px\" class=\"nicdark_section  \"><\/div>[vc_column_text css=&#8221;&#8221;]<\/p>\n<p style=\"text-align: center;\">Para concertar una cita por Whatsapp, indica la fecha y hora que prefieres, una fecha alternativa, tu n\u00famero de tel\u00e9fono y tu nombre completo. Si es posible, indica tambi\u00e9n el tratamiento que deseas en la solicitud.<\/p>\n<p>[\/vc_column_text][vc_row_inner][vc_column_inner width=&#8221;1\/2&#8243;][vc_btn title=&#8221;Concertar una cita a trav\u00e9s de Whatsapp&#8221; size=&#8221;lg&#8221; align=&#8221;center&#8221; i_icon_fontawesome=&#8221;fa fa-brands fa-whatsapp&#8221; css=&#8221;&#8221; button_block=&#8221;true&#8221; add_icon=&#8221;true&#8221; link=&#8221;url:https%3A%2F%2Fwa.me%2F%2B34642430026&#8243;][\/vc_column_inner][vc_column_inner width=&#8221;1\/2&#8243;][vc_btn title=&#8221;Otros datos de contacto&#8221; color=&#8221;white&#8221; size=&#8221;lg&#8221; align=&#8221;center&#8221; css=&#8221;&#8221; button_block=&#8221;true&#8221; link=&#8221;url:https%3A%2F%2Fsalon-a.es%2Fes%2Fkontakt|title:Contacto&#8221;][\/vc_column_inner][\/vc_row_inner][\/vc_column][\/vc_row]<\/p>\n<\/div>","protected":false},"excerpt":{"rendered":"<p>[vc_row css=&#8221;.vc_custom_1485535037496{margin-top: 50px !important;}&#8221;][vc_column width=&#8221;1\/4&#8243;][\/vc_column][vc_column width=&#8221;1\/4&#8243;][\/vc_column][vc_column width=&#8221;1\/4&#8243;][\/vc_column][vc_column width=&#8221;1\/4&#8243;][\/vc_column][\/vc_row][vc_row css=&#8221;.vc_custom_1485535037496{margin-top: 50px !important;}&#8221;][vc_column width=&#8221;1\/4&#8243;][\/vc_column][vc_column width=&#8221;1\/4&#8243;][\/vc_column][vc_column width=&#8221;1\/4&#8243;][\/vc_column][vc_column width=&#8221;1\/4&#8243;][\/vc_column][\/vc_row][vc_section full_width=&#8221;stretch_row&#8221;][vc_row css=&#8221;.vc_custom_1485535048021{margin-top: 50px !important;}&#8221;][vc_column][\/vc_column][\/vc_row][vc_row full_width=&#8221;stretch_row&#8221; content_placement=&#8221;middle&#8221;][vc_column][vc_images_carousel images=&#8221;2145,2147,2149,2151,2153,2155,2157,2159,2161,2163,2165,2167,2169,2171,2173,2175&#8243; img_size=&#8221;full&#8221; speed=&#8221;3000&#8243; slides_per_view=&#8221;4&#8243; autoplay=&#8221;yes&#8221; hide_pagination_control=&#8221;yes&#8221; wrap=&#8221;yes&#8221; css=&#8221;&#8221;][\/vc_column][\/vc_row][\/vc_section][vc_row full_width=&#8221;stretch_row&#8221; gap=&#8221;15&#8243; content_placement=&#8221;middle&#8221; css=&#8221;.vc_custom_1767621290636{margin-top: 70px !important;background-color: #CBBBA0 !important;background-position: 0 0 !important;background-repeat: no-repeat !important;}&#8221; el_id=&#8221;nd_options_section_contact&#8221;][vc_column css=&#8221;.vc_custom_1561131072808{margin-top: 100px !important;padding-top: 30px !important;padding-right: 30px !important;padding-bottom: 15px !important;padding-left: 30px !important;background-color: #cbbba0 [&hellip;]<\/p>\n","protected":false},"author":1,"featured_media":0,"parent":0,"menu_order":0,"comment_status":"closed","ping_status":"closed","template":"","meta":{"footnotes":""},"class_list":["post-1588","page","type-page","status-publish","hentry"],"yoast_head":"<!-- This site is optimized with the Yoast SEO plugin v27.5 - https:\/\/yoast.com\/product\/yoast-seo-wordpress\/ -->\n<title>Belleza - Salon A<\/title>\n<meta name=\"description\" content=\"\u00a1La belleza y el bienestar te esperan! D\u00e9jate mimar y relajar con tratamientos de bienestar y pedicuras.\" \/>\n<meta name=\"robots\" content=\"index, follow, max-snippet:-1, max-image-preview:large, max-video-preview:-1\" \/>\n<link rel=\"canonical\" href=\"https:\/\/salon-a.es\/es\/belleza\" \/>\n<meta property=\"og:locale\" content=\"es_ES\" \/>\n<meta property=\"og:type\" content=\"article\" \/>\n<meta property=\"og:title\" content=\"Belleza - Salon A\" \/>\n<meta property=\"og:description\" content=\"\u00a1La belleza y el bienestar te esperan! D\u00e9jate mimar y relajar con tratamientos de bienestar y pedicuras.\" \/>\n<meta property=\"og:url\" content=\"https:\/\/salon-a.es\/es\/belleza\" \/>\n<meta property=\"og:site_name\" content=\"Salon A\" \/>\n<meta property=\"article:publisher\" content=\"https:\/\/www.facebook.com\/SalonA.Llucmajor\" \/>\n<meta property=\"article:modified_time\" content=\"2026-02-17T10:15:53+00:00\" \/>\n<meta name=\"twitter:card\" content=\"summary_large_image\" \/>\n<meta name=\"twitter:label1\" content=\"Tiempo de lectura\" \/>\n\t<meta name=\"twitter:data1\" content=\"5 minutos\" \/>\n<script type=\"application\/ld+json\" class=\"yoast-schema-graph\">{\"@context\":\"https:\\\/\\\/schema.org\",\"@graph\":[{\"@type\":\"WebPage\",\"@id\":\"https:\\\/\\\/salon-a.es\\\/es\\\/belleza\",\"url\":\"https:\\\/\\\/salon-a.es\\\/es\\\/belleza\",\"name\":\"Belleza - Salon A\",\"isPartOf\":{\"@id\":\"https:\\\/\\\/salon-a.es\\\/es#website\"},\"datePublished\":\"2019-06-21T15:04:49+00:00\",\"dateModified\":\"2026-02-17T10:15:53+00:00\",\"description\":\"\u00a1La belleza y el bienestar te esperan! D\u00e9jate mimar y relajar con tratamientos de bienestar y pedicuras.\",\"breadcrumb\":{\"@id\":\"https:\\\/\\\/salon-a.es\\\/es\\\/belleza#breadcrumb\"},\"inLanguage\":\"es\",\"potentialAction\":[{\"@type\":\"ReadAction\",\"target\":[\"https:\\\/\\\/salon-a.es\\\/es\\\/belleza\"]}]},{\"@type\":\"BreadcrumbList\",\"@id\":\"https:\\\/\\\/salon-a.es\\\/es\\\/belleza#breadcrumb\",\"itemListElement\":[{\"@type\":\"ListItem\",\"position\":1,\"name\":\"Start\",\"item\":\"https:\\\/\\\/salon-a.es\\\/es\"},{\"@type\":\"ListItem\",\"position\":2,\"name\":\"Belleza\"}]},{\"@type\":\"WebSite\",\"@id\":\"https:\\\/\\\/salon-a.es\\\/es#website\",\"url\":\"https:\\\/\\\/salon-a.es\\\/es\",\"name\":\"Salon A\",\"description\":\"Peluqueria &amp; Esteticista | Friseur &amp; Visagist\",\"publisher\":{\"@id\":\"https:\\\/\\\/salon-a.es\\\/es#organization\"},\"potentialAction\":[{\"@type\":\"SearchAction\",\"target\":{\"@type\":\"EntryPoint\",\"urlTemplate\":\"https:\\\/\\\/salon-a.es\\\/es?s={search_term_string}\"},\"query-input\":{\"@type\":\"PropertyValueSpecification\",\"valueRequired\":true,\"valueName\":\"search_term_string\"}}],\"inLanguage\":\"es\"},{\"@type\":\"Organization\",\"@id\":\"https:\\\/\\\/salon-a.es\\\/es#organization\",\"name\":\"Salon A\",\"url\":\"https:\\\/\\\/salon-a.es\\\/es\",\"logo\":{\"@type\":\"ImageObject\",\"inLanguage\":\"es\",\"@id\":\"https:\\\/\\\/salon-a.es\\\/es#\\\/schema\\\/logo\\\/image\\\/\",\"url\":\"https:\\\/\\\/salon-a.es\\\/wp-content\\\/uploads\\\/2019\\\/06\\\/Logo_mit.png\",\"contentUrl\":\"https:\\\/\\\/salon-a.es\\\/wp-content\\\/uploads\\\/2019\\\/06\\\/Logo_mit.png\",\"width\":3516,\"height\":2565,\"caption\":\"Salon A\"},\"image\":{\"@id\":\"https:\\\/\\\/salon-a.es\\\/es#\\\/schema\\\/logo\\\/image\\\/\"},\"sameAs\":[\"https:\\\/\\\/www.facebook.com\\\/SalonA.Llucmajor\",\"https:\\\/\\\/www.instagram.com\\\/salon.a.llucmajor\\\/\"]}]}<\/script>\n<!-- \/ Yoast SEO plugin. -->","yoast_head_json":{"title":"Belleza - Salon A","description":"\u00a1La belleza y el bienestar te esperan! D\u00e9jate mimar y relajar con tratamientos de bienestar y pedicuras.","robots":{"index":"index","follow":"follow","max-snippet":"max-snippet:-1","max-image-preview":"max-image-preview:large","max-video-preview":"max-video-preview:-1"},"canonical":"https:\/\/salon-a.es\/es\/belleza","og_locale":"es_ES","og_type":"article","og_title":"Belleza - Salon A","og_description":"\u00a1La belleza y el bienestar te esperan! D\u00e9jate mimar y relajar con tratamientos de bienestar y pedicuras.","og_url":"https:\/\/salon-a.es\/es\/belleza","og_site_name":"Salon A","article_publisher":"https:\/\/www.facebook.com\/SalonA.Llucmajor","article_modified_time":"2026-02-17T10:15:53+00:00","twitter_card":"summary_large_image","twitter_misc":{"Tiempo de lectura":"5 minutos"},"schema":{"@context":"https:\/\/schema.org","@graph":[{"@type":"WebPage","@id":"https:\/\/salon-a.es\/es\/belleza","url":"https:\/\/salon-a.es\/es\/belleza","name":"Belleza - Salon A","isPartOf":{"@id":"https:\/\/salon-a.es\/es#website"},"datePublished":"2019-06-21T15:04:49+00:00","dateModified":"2026-02-17T10:15:53+00:00","description":"\u00a1La belleza y el bienestar te esperan! D\u00e9jate mimar y relajar con tratamientos de bienestar y pedicuras.","breadcrumb":{"@id":"https:\/\/salon-a.es\/es\/belleza#breadcrumb"},"inLanguage":"es","potentialAction":[{"@type":"ReadAction","target":["https:\/\/salon-a.es\/es\/belleza"]}]},{"@type":"BreadcrumbList","@id":"https:\/\/salon-a.es\/es\/belleza#breadcrumb","itemListElement":[{"@type":"ListItem","position":1,"name":"Start","item":"https:\/\/salon-a.es\/es"},{"@type":"ListItem","position":2,"name":"Belleza"}]},{"@type":"WebSite","@id":"https:\/\/salon-a.es\/es#website","url":"https:\/\/salon-a.es\/es","name":"Salon A","description":"Peluqueria &amp; Esteticista | Friseur &amp; Visagist","publisher":{"@id":"https:\/\/salon-a.es\/es#organization"},"potentialAction":[{"@type":"SearchAction","target":{"@type":"EntryPoint","urlTemplate":"https:\/\/salon-a.es\/es?s={search_term_string}"},"query-input":{"@type":"PropertyValueSpecification","valueRequired":true,"valueName":"search_term_string"}}],"inLanguage":"es"},{"@type":"Organization","@id":"https:\/\/salon-a.es\/es#organization","name":"Salon A","url":"https:\/\/salon-a.es\/es","logo":{"@type":"ImageObject","inLanguage":"es","@id":"https:\/\/salon-a.es\/es#\/schema\/logo\/image\/","url":"https:\/\/salon-a.es\/wp-content\/uploads\/2019\/06\/Logo_mit.png","contentUrl":"https:\/\/salon-a.es\/wp-content\/uploads\/2019\/06\/Logo_mit.png","width":3516,"height":2565,"caption":"Salon A"},"image":{"@id":"https:\/\/salon-a.es\/es#\/schema\/logo\/image\/"},"sameAs":["https:\/\/www.facebook.com\/SalonA.Llucmajor","https:\/\/www.instagram.com\/salon.a.llucmajor\/"]}]}},"_links":{"self":[{"href":"https:\/\/salon-a.es\/es\/wp-json\/wp\/v2\/pages\/1588","targetHints":{"allow":["GET"]}}],"collection":[{"href":"https:\/\/salon-a.es\/es\/wp-json\/wp\/v2\/pages"}],"about":[{"href":"https:\/\/salon-a.es\/es\/wp-json\/wp\/v2\/types\/page"}],"author":[{"embeddable":true,"href":"https:\/\/salon-a.es\/es\/wp-json\/wp\/v2\/users\/1"}],"replies":[{"embeddable":true,"href":"https:\/\/salon-a.es\/es\/wp-json\/wp\/v2\/comments?post=1588"}],"version-history":[{"count":18,"href":"https:\/\/salon-a.es\/es\/wp-json\/wp\/v2\/pages\/1588\/revisions"}],"predecessor-version":[{"id":2037,"href":"https:\/\/salon-a.es\/es\/wp-json\/wp\/v2\/pages\/1588\/revisions\/2037"}],"wp:attachment":[{"href":"https:\/\/salon-a.es\/es\/wp-json\/wp\/v2\/media?parent=1588"}],"curies":[{"name":"wp","href":"https:\/\/api.w.org\/{rel}","templated":true}]}}