{"id":1591,"date":"2017-01-27T09:28:03","date_gmt":"2017-01-27T09:28:03","guid":{"rendered":"https:\/\/salon-a.es\/home"},"modified":"2026-04-23T13:29:27","modified_gmt":"2026-04-23T13:29:27","slug":"home","status":"publish","type":"page","link":"https:\/\/salon-a.es\/es","title":{"rendered":"Home"},"content":{"rendered":"<div class=\"wpb-content-wrapper\"><p>[vc_row full_width=&#8221;stretch_row_content&#8221;][vc_column][rev_slider_vc alias=&#8221;home-video&#8221;][\/vc_column][\/vc_row][vc_row content_placement=&#8221;middle&#8221; css=&#8221;.vc_custom_1485869412148{margin-top: 30px !important;}&#8221; el_class=&#8221;nd_options_vc_parallax_filter_1_3&#8243;][vc_column css=&#8221;.vc_custom_1485869420500{padding-right: 0px !important;padding-left: 0px !important;}&#8221;] <h1 style=\"color:#575756;padding:px;text-align:center;font-size:50px;line-height:60px;letter-spacing: px;font-weight:bold\" class=\"   nd_options_first_font \">Peluquer\u00eda cl\u00e1sica. Servicio aut\u00e9ntico.<br \/>\nBelleza atemporal.<\/h1> <div style=\"background-color:;height: 30px\" class=\"nicdark_section  \"><\/div>[vc_column_text css=&#8221;&#8221;]<\/p>\n<p style=\"text-align: center;\">\u00a1Bienvenido y gracias por visitarnos!<\/p>\n<p style=\"text-align: center;\">Te invitamos a que vengas a conocer nuestro sal\u00f3n, situado en el coraz\u00f3n de Llucmajor, y a disfrutar de su ambiente. D\u00e9jate mimar y disfruta al m\u00e1ximo de tu visita.<\/p>\n<p style=\"text-align: center;\">El objetivo de nuestro sal\u00f3n es ver lo especial que hay en ti y expresar tu personalidad.<\/p>\n<p style=\"text-align: center;\">Solo quien se siente bien con su piel y su cabello irradia esa sensaci\u00f3n.<\/p>\n<p style=\"text-align: center;\"><em>\u00a1Esperamos tu visita!<\/em><\/p>\n<p>[\/vc_column_text][\/vc_column][\/vc_row][vc_section full_width=&#8221;stretch_row&#8221; css=&#8221;.vc_custom_1767103394946{background-color: #CBBB9F !important;}&#8221;][vc_row gap=&#8221;15&#8243; equal_height=&#8221;yes&#8221;][vc_column width=&#8221;1\/2&#8243;]\n    <div style=\"text-align:left\" class=\"nd_options_section\">\n      <img decoding=\"async\" alt=\"\" style=\"width:100%\" class=\" nd_options_margin_0 nd_options_padding_0 \" src=\"https:\/\/salon-a.es\/wp-content\/uploads\/2025\/12\/52811-774x1024.jpg\">\n    <\/div>\n   [\/vc_column][vc_column width=&#8221;1\/2&#8243;] <h2 style=\"color:;padding:px;text-align:;font-size:35px;line-height:45px;letter-spacing: px;font-weight:bold\" class=\"   nd_options_first_font \">Un servicio que se nota<\/h2> <div style=\"background-color:;height: 20px\" class=\"nicdark_section  \"><\/div>[vc_column_text css=&#8221;&#8221;]Con nosotros, t\u00fa eres el centro de atenci\u00f3n, desde la primera conversaci\u00f3n hasta el \u00faltimo vistazo al espejo. Nos tomamos nuestro tiempo, te escuchamos y te asesoramos con sinceridad. Para nosotros, un servicio aut\u00e9ntico significa tomarnos en serio tus deseos y ponerlos en pr\u00e1ctica con competencia profesional.<\/p>\n<p>Ya sea un corte cl\u00e1sico, un peinado elegante con secador o un look cuidado para el d\u00eda a d\u00eda: queremos que te sientas comprendido, en buenas manos y visiblemente m\u00e1s guapo.[\/vc_column_text]<div style=\"background-color:;height: 20px\" class=\"nicdark_section  \"><\/div> <h2 style=\"color:;padding:px;text-align:;font-size:35px;line-height:45px;letter-spacing: px;font-weight:bold\" class=\"   nd_options_first_font \">Para mujeres que valoran el estilo y la fiabilidad.<\/h2> <div style=\"background-color:;height: 20px\" class=\"nicdark_section  \"><\/div>[vc_column_text css=&#8221;&#8221;]Nuestras clientas valoran la sensaci\u00f3n de poder confiar en su cabello. Un peinado que no necesita explicaciones. Que queda bien en el d\u00eda a d\u00eda, en el trabajo o en ocasiones especiales.<\/p>\n<p>Peluquer\u00eda cl\u00e1sica en Mallorca, con amor por los detalles, un servicio aut\u00e9ntico y una t\u00e9cnica de secado perfecta.[\/vc_column_text][\/vc_column][\/vc_row][\/vc_section][vc_row css=&#8221;.vc_custom_1561130990958{margin-top: 70px !important;background-image: url(https:\/\/salon-a.es\/wp-content\/uploads\/2019\/06\/kontakt_home.jpg?id=1134) !important;background-position: 0 0 !important;background-repeat: no-repeat !important;}&#8221; el_id=&#8221;nd_options_section_contact&#8221;][vc_column width=&#8221;1\/2&#8243;][\/vc_column][vc_column width=&#8221;1\/2&#8243; css=&#8221;.vc_custom_1561131072808{margin-top: 100px !important;padding-top: 30px !important;padding-right: 30px !important;padding-bottom: 15px !important;padding-left: 30px !important;background-color: #cbbba0 !important;}&#8221; el_class=&#8221;nd_options_margin_top_0_first_div_important_responsive&#8221;] <h5 style=\"color:#ffffff;padding:px;text-align:center;font-size:px;line-height:px;letter-spacing: 3px;font-weight:bold\" class=\"   nd_options_second_font \">CONTACTO<\/h5> <div style=\"background-color:;height: 10px\" class=\"nicdark_section  \"><\/div> <h2 style=\"color:#ffffff;padding:px;text-align:center;font-size:25px;line-height:35px;letter-spacing: px;font-weight:normal\" class=\"   nd_options_first_font \">Concierta tu cita por tel\u00e9fono, correo electr\u00f3nico o simplemente a trav\u00e9s de Whatsapp.<\/h2> <div style=\"background-color:;height: 20px\" class=\"nicdark_section  \"><\/div>[vc_column_text css=&#8221;&#8221;]Para concertar una cita por Whatsapp, indica la fecha y hora que prefieres, una fecha alternativa, tu n\u00famero de tel\u00e9fono y tu nombre completo.[\/vc_column_text][vc_btn title=&#8221;Concertar una cita a trav\u00e9s de Whatsapp&#8221; size=&#8221;lg&#8221; i_icon_fontawesome=&#8221;fa fa-brands fa-whatsapp&#8221; css=&#8221;&#8221; add_icon=&#8221;true&#8221; link=&#8221;url:https%3A%2F%2Fwa.me%2F%2B34642430026&#8243;][vc_btn title=&#8221;Otros datos de contacto&#8221; color=&#8221;white&#8221; size=&#8221;lg&#8221; css=&#8221;&#8221; link=&#8221;url:https%3A%2F%2Fsalon-a.es%2Fes%2Fkontakt|title:Contacto&#8221;][\/vc_column][\/vc_row][vc_row full_width=&#8221;stretch_row&#8221; content_placement=&#8221;bottom&#8221; parallax=&#8221;content-moving&#8221; parallax_image=&#8221;1133&#8243; css=&#8221;.vc_custom_1561130772590{margin-top: 60px !important;padding-top: 100px !important;padding-bottom: 200px !important;}&#8221; el_class=&#8221;nd_options_vc_parallax_filter_1_3&#8243;][vc_column width=&#8221;1\/2&#8243;][\/vc_column][vc_column width=&#8221;1\/2&#8243; el_class=&#8221;nd_options_text_align_center&#8221;] <h1 style=\"color:#ffffff;padding:px;text-align:center;font-size:50px;line-height:50px;letter-spacing: px;font-weight:bold\" class=\"   nd_options_first_font \">Nuestro equipo<\/h1> <div style=\"background-color:;height: 30px\" class=\"nicdark_section  \"><\/div> <p style=\"color:#ffffff;padding:px;text-align:center;font-size:18px;line-height:28px;letter-spacing: 3px;font-weight:lighter\" class=\"   nd_options_second_font \">Nos encanta lo que hacemos y nos alegra que te guste el resultado.<\/p> <div style=\"background-color:;height: 30px\" class=\"nicdark_section  \"><\/div>[vc_btn title=&#8221;Aqu\u00ed encontrar\u00e1s m\u00e1s informaci\u00f3n sobre nuestro equipo.&#8221; color=&#8221;white&#8221; size=&#8221;lg&#8221; i_icon_fontawesome=&#8221;fa fa-solid fa-people-group&#8221; css=&#8221;&#8221; add_icon=&#8221;true&#8221; link=&#8221;url:https%3A%2F%2Fsalon-a.es%2Fes%2Fteam|title:Equipo&#8221;][\/vc_column][\/vc_row][vc_row full_width=&#8221;stretch_row&#8221; content_placement=&#8221;middle&#8221; css=&#8221;.vc_custom_1776950835488{background-color: #CBBB9F !important;}&#8221;][vc_column] <h2 style=\"color:#ffffff;padding:px;text-align:center;font-size:40px;line-height:50px;letter-spacing: px;font-weight:bold\" class=\"   nd_options_first_font \">\u00bfConoces ya nuestro sal\u00f3n de peluquer\u00eda Authentic Hair en D\u00e9nia?<\/h2> <div style=\"background-color:;height: 30px\" class=\"nicdark_section  \"><\/div>[vc_btn title=&#8221;Aqu\u00ed puedes acceder a Authentic Hair&#8221; color=&#8221;white&#8221; size=&#8221;lg&#8221; align=&#8221;center&#8221; i_icon_fontawesome=&#8221;fa fa-solid fa-location-dot&#8221; css=&#8221;&#8221; add_icon=&#8221;true&#8221; link=&#8221;url:https%3A%2F%2Fauthentic-hair.com%2Fes%2F|title:Aqu%C3%AD%20puedes%20acceder%20a%20Authentic%20Hair|target:_blank&#8221;][\/vc_column][\/vc_row]<\/p>\n<\/div>","protected":false},"excerpt":{"rendered":"<p>[vc_row full_width=&#8221;stretch_row_content&#8221;][vc_column][rev_slider_vc alias=&#8221;home-video&#8221;][\/vc_column][\/vc_row][vc_row content_placement=&#8221;middle&#8221; css=&#8221;.vc_custom_1485869412148{margin-top: 30px !important;}&#8221; el_class=&#8221;nd_options_vc_parallax_filter_1_3&#8243;][vc_column css=&#8221;.vc_custom_1485869420500{padding-right: 0px !important;padding-left: 0px !important;}&#8221;][vc_column_text css=&#8221;&#8221;] \u00a1Bienvenido y gracias por visitarnos! Te invitamos a que vengas a conocer nuestro sal\u00f3n, situado en el coraz\u00f3n de Llucmajor, y a disfrutar de su ambiente. D\u00e9jate mimar y disfruta al m\u00e1ximo de tu visita. El objetivo de nuestro sal\u00f3n es [&hellip;]<\/p>\n","protected":false},"author":1,"featured_media":0,"parent":0,"menu_order":0,"comment_status":"closed","ping_status":"closed","template":"","meta":{"footnotes":""},"class_list":["post-1591","page","type-page","status-publish","hentry"],"yoast_head":"<!-- This site is optimized with the Yoast SEO plugin v27.5 - https:\/\/yoast.com\/product\/yoast-seo-wordpress\/ -->\n<title>Home - Salon A<\/title>\n<meta name=\"description\" content=\"En nuestro sal\u00f3n, tu peluquer\u00eda en Mallorca, te esperan la artesan\u00eda cl\u00e1sica y un ambiente acogedor en Llucmajor.\" \/>\n<meta name=\"robots\" content=\"index, follow, max-snippet:-1, max-image-preview:large, max-video-preview:-1\" \/>\n<link rel=\"canonical\" href=\"https:\/\/salon-a.es\/es\" \/>\n<meta property=\"og:locale\" content=\"es_ES\" \/>\n<meta property=\"og:type\" content=\"article\" \/>\n<meta property=\"og:title\" content=\"Home - Salon A\" \/>\n<meta property=\"og:description\" content=\"En nuestro sal\u00f3n, tu peluquer\u00eda en Mallorca, te esperan la artesan\u00eda cl\u00e1sica y un ambiente acogedor en Llucmajor.\" \/>\n<meta property=\"og:url\" content=\"https:\/\/salon-a.es\/es\" \/>\n<meta property=\"og:site_name\" content=\"Salon A\" \/>\n<meta property=\"article:publisher\" content=\"https:\/\/www.facebook.com\/SalonA.Llucmajor\" \/>\n<meta property=\"article:modified_time\" content=\"2026-04-23T13:29:27+00:00\" \/>\n<meta name=\"twitter:card\" content=\"summary_large_image\" \/>\n<meta name=\"twitter:label1\" content=\"Tiempo de lectura\" \/>\n\t<meta name=\"twitter:data1\" content=\"3 minutos\" \/>\n<script type=\"application\/ld+json\" class=\"yoast-schema-graph\">{\"@context\":\"https:\\\/\\\/schema.org\",\"@graph\":[{\"@type\":\"WebPage\",\"@id\":\"https:\\\/\\\/salon-a.es\\\/es\",\"url\":\"https:\\\/\\\/salon-a.es\\\/es\",\"name\":\"Home - Salon A\",\"isPartOf\":{\"@id\":\"https:\\\/\\\/salon-a.es\\\/es#website\"},\"datePublished\":\"2017-01-27T09:28:03+00:00\",\"dateModified\":\"2026-04-23T13:29:27+00:00\",\"description\":\"En nuestro sal\u00f3n, tu peluquer\u00eda en Mallorca, te esperan la artesan\u00eda cl\u00e1sica y un ambiente acogedor en Llucmajor.\",\"breadcrumb\":{\"@id\":\"https:\\\/\\\/salon-a.es\\\/es#breadcrumb\"},\"inLanguage\":\"es\",\"potentialAction\":[{\"@type\":\"ReadAction\",\"target\":[\"https:\\\/\\\/salon-a.es\\\/es\"]}]},{\"@type\":\"BreadcrumbList\",\"@id\":\"https:\\\/\\\/salon-a.es\\\/es#breadcrumb\",\"itemListElement\":[{\"@type\":\"ListItem\",\"position\":1,\"name\":\"Start\",\"item\":\"https:\\\/\\\/salon-a.es\\\/es\"},{\"@type\":\"ListItem\",\"position\":2,\"name\":\"Home\"}]},{\"@type\":\"WebSite\",\"@id\":\"https:\\\/\\\/salon-a.es\\\/es#website\",\"url\":\"https:\\\/\\\/salon-a.es\\\/es\",\"name\":\"Salon A\",\"description\":\"Peluqueria &amp; Esteticista | Friseur &amp; Visagist\",\"publisher\":{\"@id\":\"https:\\\/\\\/salon-a.es\\\/es#organization\"},\"potentialAction\":[{\"@type\":\"SearchAction\",\"target\":{\"@type\":\"EntryPoint\",\"urlTemplate\":\"https:\\\/\\\/salon-a.es\\\/es?s={search_term_string}\"},\"query-input\":{\"@type\":\"PropertyValueSpecification\",\"valueRequired\":true,\"valueName\":\"search_term_string\"}}],\"inLanguage\":\"es\"},{\"@type\":\"Organization\",\"@id\":\"https:\\\/\\\/salon-a.es\\\/es#organization\",\"name\":\"Salon A\",\"url\":\"https:\\\/\\\/salon-a.es\\\/es\",\"logo\":{\"@type\":\"ImageObject\",\"inLanguage\":\"es\",\"@id\":\"https:\\\/\\\/salon-a.es\\\/es#\\\/schema\\\/logo\\\/image\\\/\",\"url\":\"https:\\\/\\\/salon-a.es\\\/wp-content\\\/uploads\\\/2019\\\/06\\\/Logo_mit.png\",\"contentUrl\":\"https:\\\/\\\/salon-a.es\\\/wp-content\\\/uploads\\\/2019\\\/06\\\/Logo_mit.png\",\"width\":3516,\"height\":2565,\"caption\":\"Salon A\"},\"image\":{\"@id\":\"https:\\\/\\\/salon-a.es\\\/es#\\\/schema\\\/logo\\\/image\\\/\"},\"sameAs\":[\"https:\\\/\\\/www.facebook.com\\\/SalonA.Llucmajor\",\"https:\\\/\\\/www.instagram.com\\\/salon.a.llucmajor\\\/\"]}]}<\/script>\n<!-- \/ Yoast SEO plugin. -->","yoast_head_json":{"title":"Home - Salon A","description":"En nuestro sal\u00f3n, tu peluquer\u00eda en Mallorca, te esperan la artesan\u00eda cl\u00e1sica y un ambiente acogedor en Llucmajor.","robots":{"index":"index","follow":"follow","max-snippet":"max-snippet:-1","max-image-preview":"max-image-preview:large","max-video-preview":"max-video-preview:-1"},"canonical":"https:\/\/salon-a.es\/es","og_locale":"es_ES","og_type":"article","og_title":"Home - Salon A","og_description":"En nuestro sal\u00f3n, tu peluquer\u00eda en Mallorca, te esperan la artesan\u00eda cl\u00e1sica y un ambiente acogedor en Llucmajor.","og_url":"https:\/\/salon-a.es\/es","og_site_name":"Salon A","article_publisher":"https:\/\/www.facebook.com\/SalonA.Llucmajor","article_modified_time":"2026-04-23T13:29:27+00:00","twitter_card":"summary_large_image","twitter_misc":{"Tiempo de lectura":"3 minutos"},"schema":{"@context":"https:\/\/schema.org","@graph":[{"@type":"WebPage","@id":"https:\/\/salon-a.es\/es","url":"https:\/\/salon-a.es\/es","name":"Home - Salon A","isPartOf":{"@id":"https:\/\/salon-a.es\/es#website"},"datePublished":"2017-01-27T09:28:03+00:00","dateModified":"2026-04-23T13:29:27+00:00","description":"En nuestro sal\u00f3n, tu peluquer\u00eda en Mallorca, te esperan la artesan\u00eda cl\u00e1sica y un ambiente acogedor en Llucmajor.","breadcrumb":{"@id":"https:\/\/salon-a.es\/es#breadcrumb"},"inLanguage":"es","potentialAction":[{"@type":"ReadAction","target":["https:\/\/salon-a.es\/es"]}]},{"@type":"BreadcrumbList","@id":"https:\/\/salon-a.es\/es#breadcrumb","itemListElement":[{"@type":"ListItem","position":1,"name":"Start","item":"https:\/\/salon-a.es\/es"},{"@type":"ListItem","position":2,"name":"Home"}]},{"@type":"WebSite","@id":"https:\/\/salon-a.es\/es#website","url":"https:\/\/salon-a.es\/es","name":"Salon A","description":"Peluqueria &amp; Esteticista | Friseur &amp; Visagist","publisher":{"@id":"https:\/\/salon-a.es\/es#organization"},"potentialAction":[{"@type":"SearchAction","target":{"@type":"EntryPoint","urlTemplate":"https:\/\/salon-a.es\/es?s={search_term_string}"},"query-input":{"@type":"PropertyValueSpecification","valueRequired":true,"valueName":"search_term_string"}}],"inLanguage":"es"},{"@type":"Organization","@id":"https:\/\/salon-a.es\/es#organization","name":"Salon A","url":"https:\/\/salon-a.es\/es","logo":{"@type":"ImageObject","inLanguage":"es","@id":"https:\/\/salon-a.es\/es#\/schema\/logo\/image\/","url":"https:\/\/salon-a.es\/wp-content\/uploads\/2019\/06\/Logo_mit.png","contentUrl":"https:\/\/salon-a.es\/wp-content\/uploads\/2019\/06\/Logo_mit.png","width":3516,"height":2565,"caption":"Salon A"},"image":{"@id":"https:\/\/salon-a.es\/es#\/schema\/logo\/image\/"},"sameAs":["https:\/\/www.facebook.com\/SalonA.Llucmajor","https:\/\/www.instagram.com\/salon.a.llucmajor\/"]}]}},"_links":{"self":[{"href":"https:\/\/salon-a.es\/es\/wp-json\/wp\/v2\/pages\/1591","targetHints":{"allow":["GET"]}}],"collection":[{"href":"https:\/\/salon-a.es\/es\/wp-json\/wp\/v2\/pages"}],"about":[{"href":"https:\/\/salon-a.es\/es\/wp-json\/wp\/v2\/types\/page"}],"author":[{"embeddable":true,"href":"https:\/\/salon-a.es\/es\/wp-json\/wp\/v2\/users\/1"}],"replies":[{"embeddable":true,"href":"https:\/\/salon-a.es\/es\/wp-json\/wp\/v2\/comments?post=1591"}],"version-history":[{"count":18,"href":"https:\/\/salon-a.es\/es\/wp-json\/wp\/v2\/pages\/1591\/revisions"}],"predecessor-version":[{"id":2195,"href":"https:\/\/salon-a.es\/es\/wp-json\/wp\/v2\/pages\/1591\/revisions\/2195"}],"wp:attachment":[{"href":"https:\/\/salon-a.es\/es\/wp-json\/wp\/v2\/media?parent=1591"}],"curies":[{"name":"wp","href":"https:\/\/api.w.org\/{rel}","templated":true}]}}