{"id":1598,"date":"2019-06-21T10:56:23","date_gmt":"2019-06-21T10:56:23","guid":{"rendered":"https:\/\/salon-a.es\/impressum"},"modified":"2019-07-23T14:53:39","modified_gmt":"2019-07-23T14:53:39","slug":"impressum","status":"publish","type":"page","link":"https:\/\/salon-a.es\/es\/impressum","title":{"rendered":"Aviso legal"},"content":{"rendered":"<h4>Propietaria de la p\u00e1gina:<\/h4>\n<p>Angela K\u00fchling<br \/>\nSalon A<br \/>\nRonda Migjorn 43<br \/>\n07620 Llucmajor (Espa\u00f1a)<\/p>\n<p>Telefon: +34971152353<br \/>\nE-Mail:\u00a0<a href=\"mailto:info@salon-a.es\">info@salon-a.es<\/a><\/p>\n<p>NIF: ESY5373763B<\/p>\n<p>&nbsp;<\/p>\n<p>&nbsp;<\/p>\n<h4>Descargo de responsabilidad &#8211; aviso legal<\/h4>\n<p><strong>\u00a7 1 Advertencia sobre el contenido.<\/strong><\/p>\n<p>Los contenidos gratuitos y de libre acceso de este sitio web se crearon con el mayor cuidado posible. Sin embargo, el proveedor de este sitio web no asume ninguna responsabilidad por la exactitud y puntualidad de las gu\u00edas y noticias period\u00edsticas gratuitas y de libre acceso. Las contribuciones marcadas por su nombre reflejan la opini\u00f3n del autor respectivo y no siempre la opini\u00f3n del proveedor. Simplemente llamando al contenido gratuito y de libre acceso, no se concluye ninguna relaci\u00f3n contractual entre el usuario y el proveedor, en la medida en que carece de la obligaci\u00f3n legal del proveedor.<\/p>\n<p><strong>\u00a7 2 enlaces externos<\/strong><\/p>\n<p>Este sitio web contiene enlaces a sitios web de terceros (&#8220;enlaces externos&#8221;). Estos sitios web son responsabilidad de los respectivos operadores. El proveedor ha verificado el contenido externo en el enlace inicial de los enlaces externos para determinar si existe alguna violaci\u00f3n legal. En ese momento, no hubo violaciones evidentes. El proveedor no tiene influencia en el dise\u00f1o y contenido actual y futuro de las p\u00e1ginas enlazadas. La configuraci\u00f3n de enlaces externos no significa que el proveedor acepte el contenido detr\u00e1s de la referencia o el enlace. Un control constante de los enlaces externos no es razonable para el proveedor sin evidencia concreta de violaciones legales. Sin embargo, en caso de violaciones legales, dichos enlaces externos se eliminar\u00e1n de inmediato.<\/p>\n<p><strong>\u00a7 3 Derechos de autor y derechos de autor auxiliares<\/strong><\/p>\n<p>El contenido publicado en este sitio web est\u00e1 sujeto a derechos de autor alemanes y derechos de autor complementarios. Cualquier uso no permitido por los derechos de autor alemanes y la ley de derechos de autor auxiliar requiere el consentimiento previo por escrito del proveedor o el respectivo titular de los derechos de autor. Esto se aplica en particular a la duplicaci\u00f3n, procesamiento, traducci\u00f3n, almacenamiento, procesamiento o reproducci\u00f3n de contenido en bases de datos u otros medios y sistemas electr\u00f3nicos. Los contenidos y derechos de terceros est\u00e1n marcados como tales. La duplicaci\u00f3n no autorizada o la transmisi\u00f3n de contenidos individuales o partes completas no est\u00e1 permitida y es punible. Solo se permite la producci\u00f3n de copias y descargas para uso personal, privado y no comercial.<\/p>\n<p>La presentaci\u00f3n de este sitio web en marcos externos solo se permite con permiso por escrito.<\/p>\n<p><strong>\u00a7 4 Condiciones especiales de uso.<\/strong><\/p>\n<p>En la medida en que las condiciones especiales para usos individuales de este sitio web se desv\u00eden de los p\u00e1rrafos antes mencionados, esto se indicar\u00e1 expresamente en el lugar apropiado. En este caso, las condiciones especiales de uso se aplican en cada caso individual.<\/p>\n<p><strong>Derechos de autor:<\/strong><\/p>\n<p>shutterstock_224444353<br \/>\nshutterstock_516275347<br \/>\nshutterstock_536525845<br \/>\nshutterstock_566924737<br \/>\nshutterstock_670969639<br \/>\nshutterstock_670969639<br \/>\nshutterstock_1158042907<br \/>\nshutterstock_357604985<br \/>\nshutterstock_383628592<br \/>\nshutterstock_407459506<br \/>\nshutterstock_529692304<br \/>\nshutterstock_569169190<br \/>\nshutterstock_618265118<br \/>\nshutterstock_650400055<br \/>\nshutterstock_658012681<br \/>\nshutterstock_1040845672<br \/>\nshutterstock_1064378228<br \/>\nElements LW9G6XF<br \/>\nElements GM64CYP<br \/>\nElements FX2MYTZ<br \/>\nElements W8RT9JL<br \/>\nElements ACF4KUY<br \/>\nElements PQRL9MD<br \/>\nElements 6GJ7YUE<br \/>\nElements PD7R3ZX<br \/>\nElements LJUMDQS<br \/>\nElements PF3WEGR<br \/>\nElements ND4WRVB<\/p>\n","protected":false},"excerpt":{"rendered":"<p>Propietaria de la p\u00e1gina: Angela K\u00fchling Salon A Ronda Migjorn 43 07620 Llucmajor (Espa\u00f1a) Telefon: +34971152353 E-Mail:\u00a0info@salon-a.es NIF: ESY5373763B &nbsp; &nbsp; Descargo de responsabilidad &#8211; aviso legal \u00a7 1 Advertencia sobre el contenido. Los contenidos gratuitos y de libre acceso de este sitio web se crearon con el mayor cuidado posible. Sin embargo, el proveedor [&hellip;]<\/p>\n","protected":false},"author":1,"featured_media":0,"parent":0,"menu_order":0,"comment_status":"closed","ping_status":"closed","template":"","meta":{"footnotes":""},"class_list":["post-1598","page","type-page","status-publish","hentry"],"yoast_head":"<!-- This site is optimized with the Yoast SEO plugin v27.5 - https:\/\/yoast.com\/product\/yoast-seo-wordpress\/ -->\n<title>Aviso legal - Salon A<\/title>\n<meta name=\"robots\" content=\"index, follow, max-snippet:-1, max-image-preview:large, max-video-preview:-1\" \/>\n<link rel=\"canonical\" href=\"https:\/\/salon-a.es\/es\/impressum\" \/>\n<meta property=\"og:locale\" content=\"es_ES\" \/>\n<meta property=\"og:type\" content=\"article\" \/>\n<meta property=\"og:title\" content=\"Aviso legal - Salon A\" \/>\n<meta property=\"og:description\" content=\"Propietaria de la p\u00e1gina: Angela K\u00fchling Salon A Ronda Migjorn 43 07620 Llucmajor (Espa\u00f1a) Telefon: +34971152353 E-Mail:\u00a0info@salon-a.es NIF: ESY5373763B &nbsp; &nbsp; Descargo de responsabilidad &#8211; aviso legal \u00a7 1 Advertencia sobre el contenido. Los contenidos gratuitos y de libre acceso de este sitio web se crearon con el mayor cuidado posible. Sin embargo, el proveedor [&hellip;]\" \/>\n<meta property=\"og:url\" content=\"https:\/\/salon-a.es\/es\/impressum\" \/>\n<meta property=\"og:site_name\" content=\"Salon A\" \/>\n<meta property=\"article:publisher\" content=\"https:\/\/www.facebook.com\/SalonA.Llucmajor\" \/>\n<meta property=\"article:modified_time\" content=\"2019-07-23T14:53:39+00:00\" \/>\n<meta name=\"twitter:card\" content=\"summary_large_image\" \/>\n<meta name=\"twitter:label1\" content=\"Tiempo de lectura\" \/>\n\t<meta name=\"twitter:data1\" content=\"3 minutos\" \/>\n<script type=\"application\/ld+json\" class=\"yoast-schema-graph\">{\"@context\":\"https:\\\/\\\/schema.org\",\"@graph\":[{\"@type\":\"WebPage\",\"@id\":\"https:\\\/\\\/salon-a.es\\\/es\\\/impressum\",\"url\":\"https:\\\/\\\/salon-a.es\\\/es\\\/impressum\",\"name\":\"Aviso legal - Salon A\",\"isPartOf\":{\"@id\":\"https:\\\/\\\/salon-a.es\\\/es#website\"},\"datePublished\":\"2019-06-21T10:56:23+00:00\",\"dateModified\":\"2019-07-23T14:53:39+00:00\",\"breadcrumb\":{\"@id\":\"https:\\\/\\\/salon-a.es\\\/es\\\/impressum#breadcrumb\"},\"inLanguage\":\"es\",\"potentialAction\":[{\"@type\":\"ReadAction\",\"target\":[\"https:\\\/\\\/salon-a.es\\\/es\\\/impressum\"]}]},{\"@type\":\"BreadcrumbList\",\"@id\":\"https:\\\/\\\/salon-a.es\\\/es\\\/impressum#breadcrumb\",\"itemListElement\":[{\"@type\":\"ListItem\",\"position\":1,\"name\":\"Start\",\"item\":\"https:\\\/\\\/salon-a.es\\\/es\"},{\"@type\":\"ListItem\",\"position\":2,\"name\":\"Aviso legal\"}]},{\"@type\":\"WebSite\",\"@id\":\"https:\\\/\\\/salon-a.es\\\/es#website\",\"url\":\"https:\\\/\\\/salon-a.es\\\/es\",\"name\":\"Salon A\",\"description\":\"Peluqueria &amp; Esteticista | Friseur &amp; Visagist\",\"publisher\":{\"@id\":\"https:\\\/\\\/salon-a.es\\\/es#organization\"},\"potentialAction\":[{\"@type\":\"SearchAction\",\"target\":{\"@type\":\"EntryPoint\",\"urlTemplate\":\"https:\\\/\\\/salon-a.es\\\/es?s={search_term_string}\"},\"query-input\":{\"@type\":\"PropertyValueSpecification\",\"valueRequired\":true,\"valueName\":\"search_term_string\"}}],\"inLanguage\":\"es\"},{\"@type\":\"Organization\",\"@id\":\"https:\\\/\\\/salon-a.es\\\/es#organization\",\"name\":\"Salon A\",\"url\":\"https:\\\/\\\/salon-a.es\\\/es\",\"logo\":{\"@type\":\"ImageObject\",\"inLanguage\":\"es\",\"@id\":\"https:\\\/\\\/salon-a.es\\\/es#\\\/schema\\\/logo\\\/image\\\/\",\"url\":\"https:\\\/\\\/salon-a.es\\\/wp-content\\\/uploads\\\/2019\\\/06\\\/Logo_mit.png\",\"contentUrl\":\"https:\\\/\\\/salon-a.es\\\/wp-content\\\/uploads\\\/2019\\\/06\\\/Logo_mit.png\",\"width\":3516,\"height\":2565,\"caption\":\"Salon A\"},\"image\":{\"@id\":\"https:\\\/\\\/salon-a.es\\\/es#\\\/schema\\\/logo\\\/image\\\/\"},\"sameAs\":[\"https:\\\/\\\/www.facebook.com\\\/SalonA.Llucmajor\",\"https:\\\/\\\/www.instagram.com\\\/salon.a.llucmajor\\\/\"]}]}<\/script>\n<!-- \/ Yoast SEO plugin. -->","yoast_head_json":{"title":"Aviso legal - Salon A","robots":{"index":"index","follow":"follow","max-snippet":"max-snippet:-1","max-image-preview":"max-image-preview:large","max-video-preview":"max-video-preview:-1"},"canonical":"https:\/\/salon-a.es\/es\/impressum","og_locale":"es_ES","og_type":"article","og_title":"Aviso legal - Salon A","og_description":"Propietaria de la p\u00e1gina: Angela K\u00fchling Salon A Ronda Migjorn 43 07620 Llucmajor (Espa\u00f1a) Telefon: +34971152353 E-Mail:\u00a0info@salon-a.es NIF: ESY5373763B &nbsp; &nbsp; Descargo de responsabilidad &#8211; aviso legal \u00a7 1 Advertencia sobre el contenido. Los contenidos gratuitos y de libre acceso de este sitio web se crearon con el mayor cuidado posible. Sin embargo, el proveedor [&hellip;]","og_url":"https:\/\/salon-a.es\/es\/impressum","og_site_name":"Salon A","article_publisher":"https:\/\/www.facebook.com\/SalonA.Llucmajor","article_modified_time":"2019-07-23T14:53:39+00:00","twitter_card":"summary_large_image","twitter_misc":{"Tiempo de lectura":"3 minutos"},"schema":{"@context":"https:\/\/schema.org","@graph":[{"@type":"WebPage","@id":"https:\/\/salon-a.es\/es\/impressum","url":"https:\/\/salon-a.es\/es\/impressum","name":"Aviso legal - Salon A","isPartOf":{"@id":"https:\/\/salon-a.es\/es#website"},"datePublished":"2019-06-21T10:56:23+00:00","dateModified":"2019-07-23T14:53:39+00:00","breadcrumb":{"@id":"https:\/\/salon-a.es\/es\/impressum#breadcrumb"},"inLanguage":"es","potentialAction":[{"@type":"ReadAction","target":["https:\/\/salon-a.es\/es\/impressum"]}]},{"@type":"BreadcrumbList","@id":"https:\/\/salon-a.es\/es\/impressum#breadcrumb","itemListElement":[{"@type":"ListItem","position":1,"name":"Start","item":"https:\/\/salon-a.es\/es"},{"@type":"ListItem","position":2,"name":"Aviso legal"}]},{"@type":"WebSite","@id":"https:\/\/salon-a.es\/es#website","url":"https:\/\/salon-a.es\/es","name":"Salon A","description":"Peluqueria &amp; Esteticista | Friseur &amp; Visagist","publisher":{"@id":"https:\/\/salon-a.es\/es#organization"},"potentialAction":[{"@type":"SearchAction","target":{"@type":"EntryPoint","urlTemplate":"https:\/\/salon-a.es\/es?s={search_term_string}"},"query-input":{"@type":"PropertyValueSpecification","valueRequired":true,"valueName":"search_term_string"}}],"inLanguage":"es"},{"@type":"Organization","@id":"https:\/\/salon-a.es\/es#organization","name":"Salon A","url":"https:\/\/salon-a.es\/es","logo":{"@type":"ImageObject","inLanguage":"es","@id":"https:\/\/salon-a.es\/es#\/schema\/logo\/image\/","url":"https:\/\/salon-a.es\/wp-content\/uploads\/2019\/06\/Logo_mit.png","contentUrl":"https:\/\/salon-a.es\/wp-content\/uploads\/2019\/06\/Logo_mit.png","width":3516,"height":2565,"caption":"Salon A"},"image":{"@id":"https:\/\/salon-a.es\/es#\/schema\/logo\/image\/"},"sameAs":["https:\/\/www.facebook.com\/SalonA.Llucmajor","https:\/\/www.instagram.com\/salon.a.llucmajor\/"]}]}},"_links":{"self":[{"href":"https:\/\/salon-a.es\/es\/wp-json\/wp\/v2\/pages\/1598","targetHints":{"allow":["GET"]}}],"collection":[{"href":"https:\/\/salon-a.es\/es\/wp-json\/wp\/v2\/pages"}],"about":[{"href":"https:\/\/salon-a.es\/es\/wp-json\/wp\/v2\/types\/page"}],"author":[{"embeddable":true,"href":"https:\/\/salon-a.es\/es\/wp-json\/wp\/v2\/users\/1"}],"replies":[{"embeddable":true,"href":"https:\/\/salon-a.es\/es\/wp-json\/wp\/v2\/comments?post=1598"}],"version-history":[{"count":1,"href":"https:\/\/salon-a.es\/es\/wp-json\/wp\/v2\/pages\/1598\/revisions"}],"predecessor-version":[{"id":1613,"href":"https:\/\/salon-a.es\/es\/wp-json\/wp\/v2\/pages\/1598\/revisions\/1613"}],"wp:attachment":[{"href":"https:\/\/salon-a.es\/es\/wp-json\/wp\/v2\/media?parent=1598"}],"curies":[{"name":"wp","href":"https:\/\/api.w.org\/{rel}","templated":true}]}}