{"id":2045,"date":"2026-01-05T13:28:43","date_gmt":"2026-01-05T13:28:43","guid":{"rendered":"https:\/\/salon-a.es\/services"},"modified":"2026-01-06T07:39:46","modified_gmt":"2026-01-06T07:39:46","slug":"services","status":"publish","type":"page","link":"https:\/\/salon-a.es\/es\/services","title":{"rendered":"Servicios"},"content":{"rendered":"<div class=\"wpb-content-wrapper\"><p>[vc_row full_width=&#8221;stretch_row&#8221; gap=&#8221;5&#8243; content_placement=&#8221;middle&#8221; parallax=&#8221;content-moving&#8221; parallax_image=&#8221;1241&#8243; el_class=&#8221;nd_options_vc_parallax_filter_1_3&#8243; css=&#8221;.vc_custom_1767609636438{margin-bottom: 50px !important;}&#8221;][vc_column]<div style=\"background-color:;height: 15px\" class=\"nicdark_section  \"><\/div> <h1 style=\"color:#ffffff;padding:px;text-align:;font-size:50px;line-height:50px;letter-spacing: px;font-weight:bold\" class=\"   nd_options_first_font \">Para mujeres que valoran el estilo y la fiabilidad.<\/h1> [vc_row_inner][vc_column_inner width=&#8221;1\/2&#8243; css=&#8221;.vc_custom_1767609716057{margin-bottom: 50px !important;}&#8221;]<div style=\"background-color:;height: 40px\" class=\"nicdark_section  \"><\/div> <p style=\"color:#ffffff;padding:px;text-align:;font-size:16px;line-height:30px;letter-spacing: 1px;font-weight:lighter\" class=\"   nd_options_second_font \">Nuestras clientas valoran la sensaci\u00f3n de poder confiar en su cabello. Un peinado que no necesita explicaciones. Que queda bien, tanto en el d\u00eda a d\u00eda como en el trabajo o en ocasiones especiales. Peluquer\u00eda cl\u00e1sica en Mallorca, con atenci\u00f3n al detalle, un servicio aut\u00e9ntico y una t\u00e9cnica de secado perfecta.<\/p> <div style=\"background-color:;height: 30px\" class=\"nicdark_section  \"><\/div>[\/vc_column_inner][vc_column_inner width=&#8221;1\/2&#8243; css=&#8221;.vc_custom_1767609728081{margin-bottom: 50px !important;}&#8221;]<div style=\"background-color:;height: 40px\" class=\"nicdark_section  \"><\/div> <p style=\"color:#ffffff;padding:px;text-align:;font-size:16px;line-height:30px;letter-spacing: 1px;font-weight:lighter\" class=\"   nd_options_second_font \">Por supuesto, tambi\u00e9n ofrecemos todos los servicios de peluquer\u00eda para hombres que desean un corte cl\u00e1sico, un afeitado o simplemente un look cuidado para el d\u00eda a d\u00eda. Los ni\u00f1os tambi\u00e9n son bienvenidos en nuestro sal\u00f3n.<\/p> <div style=\"background-color:;height: 15px\" class=\"nicdark_section  \"><\/div>[\/vc_column_inner][\/vc_row_inner][\/vc_column][\/vc_row][vc_row css=&#8221;.vc_custom_1485535037496{margin-top: 50px !important;}&#8221;][vc_column width=&#8221;1\/2&#8243;][vc_single_image image=&#8221;1767&#8243; img_size=&#8221;full&#8221; css=&#8221;.vc_custom_1767611570348{margin-right: 50px !important;}&#8221;][\/vc_column][vc_column width=&#8221;1\/2&#8243;][vc_custom_heading text=&#8221;Rubio y balayage&#8221; font_container=&#8221;tag:h2|font_size:22|text_align:left|line_height:35px&#8221; use_theme_fonts=&#8221;yes&#8221; css=&#8221;&#8221;][vc_custom_heading text=&#8221;Natural. Radiante. Perfectamente adaptado a ti.&#8221; font_container=&#8221;tag:h2|font_size:30|text_align:left|line_height:35px&#8221; use_theme_fonts=&#8221;yes&#8221; css=&#8221;&#8221;][vc_column_text css=&#8221;&#8221; el_class=&#8221;blond&#8221;]Rubio ba\u00f1ado por el sol, transiciones suaves y un color que parece totalmente natural: eso es precisamente lo que defendemos.<\/p>\n<p>Nuestro servicio de rubios y balayage en Mallorca es m\u00e1s que un simple tinte para el cabello. Es una sensaci\u00f3n de ligereza, elegancia y confianza en uno mismo. Desde suaves reflejos hasta modernos degradados naturales, creamos looks que se adaptan a tu tipo, a tu d\u00eda a d\u00eda y al estilo de vida mediterr\u00e1neo.<\/p>\n<p>Tu color. Tu personalidad. Tu Mallorca-Look.<\/p>\n<p>Cada balayage, cada rubio comienza con nosotros con una consulta detallada. Escuchamos, analizamos la estructura del cabello, el tipo de piel y el resultado deseado, y a partir de ah\u00ed desarrollamos un concepto de color personalizado que no solo entusiasma hoy, sino que sigue luciendo armonioso semanas despu\u00e9s.<\/p>\n<p>Ya sea un rubio escandinavo fr\u00edo, un rubio c\u00e1lido playero o un balayage suave y f\u00e1cil de cuidar:<\/p>\n<p>Tu color debe reflejar tu personalidad, no disfrazarla.<\/p>\n<p>Con cuidado. De alta calidad. Belleza duradera.<\/p>\n<p>Un cabello sano es la base de cualquier color bonito. Por eso trabajamos exclusivamente con productos de coloraci\u00f3n y cuidado de alta calidad que protegen, fortalecen y aportan brillo a tu cabello.[\/vc_column_text][\/vc_column][\/vc_row][vc_row css=&#8221;.vc_custom_1485535037496{margin-top: 50px !important;}&#8221;][vc_column width=&#8221;1\/2&#8243;][vc_custom_heading text=&#8221;Extensi\u00f3n o densificaci\u00f3n&#8221; font_container=&#8221;tag:h2|font_size:22|text_align:left|line_height:35px&#8221; use_theme_fonts=&#8221;yes&#8221; css=&#8221;&#8221;][vc_custom_heading text=&#8221;Extensiones de cabello&#8221; font_container=&#8221;tag:h2|font_size:30|text_align:left|line_height:35px&#8221; use_theme_fonts=&#8221;yes&#8221; css=&#8221;&#8221;][vc_column_text css=&#8221;&#8221; el_class=&#8221;blond&#8221;]\u00bfDeseas tener un cabello voluminoso o, adem\u00e1s, una melena larga?<br \/>\nPodemos proporcionarte esta nueva sensaci\u00f3n en tu cabello y, con ello, la m\u00e1xima confianza en ti mismo.<\/p>\n<p>Cada deseo es individual, por lo que es imprescindible realizar una consulta previa sobre las circunstancias, la longitud deseada del cabello y el ajuste del color.<\/p>\n<p>Trabajamos con <strong><em>dos sistemas diferentes,<\/em><\/strong> que nos gustar\u00eda explicarte con m\u00e1s detalle a continuaci\u00f3n:<\/p>\n<p><strong>Extensiones con cinta adhesiva:<\/strong><br \/>\nLas extensiones con cinta adhesiva se aplican en fr\u00edo y pueden reutilizarse. Las uniones son especialmente planas y pasan desapercibidas incluso en cabellos extremadamente finos, por lo que son adecuadas para todo tipo de cabellos. La colocaci\u00f3n tambi\u00e9n se conoce como \u00abm\u00e9todo s\u00e1ndwich\u00bb, ya que los propios mechones de cabello quedan entre las dos tiras adhesivas. Las cintas duran entre 2 y 3 meses, dependiendo del crecimiento del vello. A continuaci\u00f3n, se renuevan las tiras de queratina y se vuelven a colocar las cintas individuales. De este modo se garantiza que no se da\u00f1e el cabello propio. En el mejor de los casos, un espesamiento o alargamiento del cabello se puede realizar en menos de una hora.<\/p>\n<p>Adem\u00e1s, con el cuidado adecuado, las cintas se pueden reutilizar hasta 6 veces.<\/p>\n<p><strong>Uniones de queratina:<\/strong><br \/>\nLas uniones de queratina se aplican una a una con unas tenazas t\u00e9rmicas. No se recomiendan para cabellos muy da\u00f1ados o muy finos. Duran hasta 6 meses en el cabello. Dabei sollte beachtet werden das ein Reinigungsschnitt alle 6 Wochen umgesetzt wird. En este corte especial se controla cada una de las uniones. De este modo, se limpian los puntos de uni\u00f3n de los pelitos ca\u00eddos que quedan adheridos al adhesivo. Por la ca\u00edda natural del cabello que experimenta todo el mundo.[\/vc_column_text][\/vc_column][vc_column width=&#8221;1\/2&#8243;][vc_single_image image=&#8221;1753&#8243; img_size=&#8221;full&#8221; css=&#8221;.vc_custom_1767611730386{margin-right: 50px !important;}&#8221;][\/vc_column][\/vc_row][vc_row css=&#8221;.vc_custom_1485535037496{margin-top: 50px !important;}&#8221;][vc_column][vc_column_text css=&#8221;&#8221;]Trabajamos con cabello de muy alta calidad de la empresa Slavic Hair.<br \/>\nEs bien sabido que el cabello eslavo est\u00e1 considerado como el mejor del mundo. Es apreciado por su estructura suave y sedosa, su brillo natural y su flexibilidad.[\/vc_column_text]<div style=\"background-color:;height: 20pxpx\" class=\"nicdark_section  \"><\/div>[vc_column_text css=&#8221;&#8221;]\n<table id=\"tablepress-2\" class=\"tablepress tablepress-id-2\">\n<thead>\n<tr class=\"row-1\">\n\t<th class=\"column-1\">Extensiones y densificaci\u00f3n capilar<\/th><th class=\"column-2\">hasta 30 cm<\/th><th class=\"column-3\">hasta 40 cm<\/th><th class=\"column-4\">hasta 50 cm<\/th><th class=\"column-5\">hasta 60 cm<\/th>\n<\/tr>\n<\/thead>\n<tbody class=\"row-striping row-hover\">\n<tr class=\"row-2\">\n\t<td class=\"column-1\">Cintas por \u00abs\u00e1ndwich\u00bb<\/td><td class=\"column-2\">15\u20ac<\/td><td class=\"column-3\">17\u20ac<\/td><td class=\"column-4\">19\u20ac<\/td><td class=\"column-5\">20\u20ac<\/td>\n<\/tr>\n<tr class=\"row-3\">\n\t<td class=\"column-1\">Re-Tape<\/td><td class=\"column-2\">De 8 \u20ac a 12 \u20ac por s\u00e1ndwich*<\/td><td class=\"column-3\">De 8 \u20ac a 12 \u20ac por s\u00e1ndwich*<\/td><td class=\"column-4\">De 8 \u20ac a 12 \u20ac por s\u00e1ndwich*<\/td><td class=\"column-5\">De 8 \u20ac a 12 \u20ac por s\u00e1ndwich*<\/td>\n<\/tr>\n<tr class=\"row-4\">\n\t<td class=\"column-1\">Bondings (uniones)<\/td><td class=\"column-2\">7\u20ac por unidad<\/td><td class=\"column-3\">8\u20ac por unidad<\/td><td class=\"column-4\">9\u20ac por unidad<\/td><td class=\"column-5\">10\u20ac por unidad<\/td>\n<\/tr>\n<tr class=\"row-5\">\n\t<td class=\"column-1\">Corte de limpieza en uniones de queratina<\/td><td class=\"column-2\">45\u20ac hasta 75\u20ac*<\/td><td class=\"column-3\">45\u20ac hasta 75\u20ac*<\/td><td class=\"column-4\">45\u20ac hasta 75\u20ac*<\/td><td class=\"column-5\">45\u20ac hasta 75\u20ac*<\/td>\n<\/tr>\n<\/tbody>\n<\/table>\n<!-- #tablepress-2 from cache -->[\/vc_column_text][vc_column_text css=&#8221;&#8221;]*Incluye lavado y secado\/peinado. Duraci\u00f3n: entre 1 y 1,5 horas aproximadamente.[\/vc_column_text][\/vc_column][\/vc_row][vc_row css=&#8221;.vc_custom_1485535037496{margin-top: 50px !important;}&#8221;][vc_column width=&#8221;1\/2&#8243;][vc_single_image image=&#8221;1759&#8243; img_size=&#8221;full&#8221; css=&#8221;.vc_custom_1767619447824{margin-right: 50px !important;}&#8221;][\/vc_column][vc_column width=&#8221;1\/2&#8243;][vc_custom_heading text=&#8221;Alisado del cabello&#8221; font_container=&#8221;tag:h2|font_size:22|text_align:left|line_height:35px&#8221; use_theme_fonts=&#8221;yes&#8221; css=&#8221;&#8221;][vc_custom_heading text=&#8221;Tratamientos ANTI FRIZZ&#8221; font_container=&#8221;tag:h2|font_size:30|text_align:left|line_height:35px&#8221; use_theme_fonts=&#8221;yes&#8221; css=&#8221;&#8221;][vc_column_text css=&#8221;&#8221; el_class=&#8221;blond&#8221;]Despu\u00e9s del tratamiento, el cabello queda sedoso, suave, flexible e incre\u00edblemente ligero. La estructura del cabello es lisa, sana y se mantiene as\u00ed durante unos 4-5 meses. Lo mejor es que los tratamientos son adecuados para casi cualquier tipo de cabello. Dado que el alisado con queratina se va eliminando con el tiempo, no deja ra\u00edces inapropiadas.<\/p>\n<p>La queratina, sustancia propia de la piel, y prote\u00ednas altamente concentradas se aportan al cabello mediante productos nutritivos de alta calidad. Quedan encerrados de forma permanente en la cut\u00edcula y act\u00faan como una pel\u00edcula protectora. La estructura del cabello queda maravillosamente alisada.<\/p>\n<p>El resultado: un cabello fant\u00e1stico, suave, brillante, sano y liso.<\/p>\n<p>A diferencia del alisado con queratina, el b\u00f3tox capilar es un magn\u00edfico tratamiento antiencrespamiento que suaviza los cabellos rebeldes, dej\u00e1ndolos con un aspecto maravilloso y fuerte.<\/p>\n<p>Despu\u00e9s del alisado con queratina o la aplicaci\u00f3n de b\u00f3tox capilar, el tiempo de secado se reduce a la mitad. Al reducir la porosidad, disminuye la absorci\u00f3n de agua del cabello.[\/vc_column_text][\/vc_column][\/vc_row][vc_row css=&#8221;.vc_custom_1485535037496{margin-top: 50px !important;}&#8221;][vc_column][vc_column_text css=&#8221;&#8221;]Nuestros productos de alta calidad han sido probados y son seguros. No contienen formaldeh\u00eddo ni otros aldeh\u00eddos y pueden utilizarse incluso durante el embarazo o la lactancia.[\/vc_column_text]<div style=\"background-color:;height: 20pxpx\" class=\"nicdark_section  \"><\/div>[vc_column_text css=&#8221;&#8221;]En ambos sistemas trabajamos seg\u00fan la cantidad de producto necesaria, que var\u00eda en funci\u00f3n de la absorci\u00f3n de cada cabello.<\/p>\n<p>Por lo general, a partir de una melena que llegue hasta la barbilla, el coste ronda los 150 euros.<\/p>\n<p>Duraci\u00f3n: 3-4 horas.[\/vc_column_text][\/vc_column][\/vc_row][vc_row][vc_column width=&#8221;1\/2&#8243;]<div style=\"background-color:;height: 15px\" class=\"nicdark_section  \"><\/div>[vc_custom_heading text=&#8221;Impresiones&#8221; use_theme_fonts=&#8221;yes&#8221;]<div style=\"background-color:;height: 15px\" class=\"nicdark_section  \"><\/div> <p style=\"color:;padding:px;text-align:;font-size:px;line-height:px;letter-spacing: px;font-weight:normal\" class=\"   nd_options_second_font \">Aqu\u00ed puede ver algunas impresiones de nuestro trabajo.<\/p> <div style=\"background-color:;height: 15px\" class=\"nicdark_section  \"><\/div>[\/vc_column][vc_column width=&#8221;1\/2&#8243;]<div style=\"background-color:;height: 15px\" class=\"nicdark_section  \"><\/div>[vc_images_carousel images=&#8221;1531,1532,1533,1534,1535,1536,1547,1549,1753,1755,1757,1759,1761,1763,1765,1767,1777,1779,1781,1783,1785,1787&#8243; img_size=&#8221;450&#215;450&#8243; autoplay=&#8221;yes&#8221; hide_pagination_control=&#8221;yes&#8221; wrap=&#8221;yes&#8221; css=&#8221;&#8221;][\/vc_column][\/vc_row]<\/p>\n<\/div>","protected":false},"excerpt":{"rendered":"<p>[vc_row full_width=&#8221;stretch_row&#8221; gap=&#8221;5&#8243; content_placement=&#8221;middle&#8221; parallax=&#8221;content-moving&#8221; parallax_image=&#8221;1241&#8243; el_class=&#8221;nd_options_vc_parallax_filter_1_3&#8243; css=&#8221;.vc_custom_1767609636438{margin-bottom: 50px !important;}&#8221;][vc_column][vc_row_inner][vc_column_inner width=&#8221;1\/2&#8243; css=&#8221;.vc_custom_1767609716057{margin-bottom: 50px !important;}&#8221;][\/vc_column_inner][vc_column_inner width=&#8221;1\/2&#8243; css=&#8221;.vc_custom_1767609728081{margin-bottom: 50px !important;}&#8221;][\/vc_column_inner][\/vc_row_inner][\/vc_column][\/vc_row][vc_row css=&#8221;.vc_custom_1485535037496{margin-top: 50px !important;}&#8221;][vc_column width=&#8221;1\/2&#8243;][vc_single_image image=&#8221;1767&#8243; img_size=&#8221;full&#8221; css=&#8221;.vc_custom_1767611570348{margin-right: 50px !important;}&#8221;][\/vc_column][vc_column width=&#8221;1\/2&#8243;][vc_custom_heading text=&#8221;Rubio y balayage&#8221; font_container=&#8221;tag:h2|font_size:22|text_align:left|line_height:35px&#8221; use_theme_fonts=&#8221;yes&#8221; css=&#8221;&#8221;][vc_custom_heading text=&#8221;Natural. Radiante. Perfectamente adaptado a ti.&#8221; font_container=&#8221;tag:h2|font_size:30|text_align:left|line_height:35px&#8221; use_theme_fonts=&#8221;yes&#8221; css=&#8221;&#8221;][vc_column_text css=&#8221;&#8221; el_class=&#8221;blond&#8221;]Rubio ba\u00f1ado por el sol, transiciones suaves y un color que [&hellip;]<\/p>\n","protected":false},"author":2,"featured_media":0,"parent":0,"menu_order":0,"comment_status":"closed","ping_status":"closed","template":"","meta":{"footnotes":""},"class_list":["post-2045","page","type-page","status-publish","hentry"],"yoast_head":"<!-- This site is optimized with the Yoast SEO plugin v27.5 - https:\/\/yoast.com\/product\/yoast-seo-wordpress\/ -->\n<title>Servicios - Salon A<\/title>\n<meta name=\"description\" content=\"Descubre nuestros excelentes servicios para mujeres, como rubios y balayage, extensiones de cabello y mucho m\u00e1s. Peinados perfectos para cada ocasi\u00f3n.\" \/>\n<meta name=\"robots\" content=\"index, follow, max-snippet:-1, max-image-preview:large, max-video-preview:-1\" \/>\n<link rel=\"canonical\" href=\"https:\/\/salon-a.es\/es\/services\" \/>\n<meta property=\"og:locale\" content=\"es_ES\" \/>\n<meta property=\"og:type\" content=\"article\" \/>\n<meta property=\"og:title\" content=\"Servicios - Salon A\" \/>\n<meta property=\"og:description\" content=\"Descubre nuestros excelentes servicios para mujeres, como rubios y balayage, extensiones de cabello y mucho m\u00e1s. Peinados perfectos para cada ocasi\u00f3n.\" \/>\n<meta property=\"og:url\" content=\"https:\/\/salon-a.es\/es\/services\" \/>\n<meta property=\"og:site_name\" content=\"Salon A\" \/>\n<meta property=\"article:publisher\" content=\"https:\/\/www.facebook.com\/SalonA.Llucmajor\" \/>\n<meta property=\"article:modified_time\" content=\"2026-01-06T07:39:46+00:00\" \/>\n<meta name=\"twitter:card\" content=\"summary_large_image\" \/>\n<meta name=\"twitter:label1\" content=\"Tiempo de lectura\" \/>\n\t<meta name=\"twitter:data1\" content=\"8 minutos\" \/>\n<script type=\"application\/ld+json\" class=\"yoast-schema-graph\">{\"@context\":\"https:\\\/\\\/schema.org\",\"@graph\":[{\"@type\":\"WebPage\",\"@id\":\"https:\\\/\\\/salon-a.es\\\/es\\\/services\",\"url\":\"https:\\\/\\\/salon-a.es\\\/es\\\/services\",\"name\":\"Servicios - Salon A\",\"isPartOf\":{\"@id\":\"https:\\\/\\\/salon-a.es\\\/es#website\"},\"datePublished\":\"2026-01-05T13:28:43+00:00\",\"dateModified\":\"2026-01-06T07:39:46+00:00\",\"description\":\"Descubre nuestros excelentes servicios para mujeres, como rubios y balayage, extensiones de cabello y mucho m\u00e1s. Peinados perfectos para cada ocasi\u00f3n.\",\"breadcrumb\":{\"@id\":\"https:\\\/\\\/salon-a.es\\\/es\\\/services#breadcrumb\"},\"inLanguage\":\"es\",\"potentialAction\":[{\"@type\":\"ReadAction\",\"target\":[\"https:\\\/\\\/salon-a.es\\\/es\\\/services\"]}]},{\"@type\":\"BreadcrumbList\",\"@id\":\"https:\\\/\\\/salon-a.es\\\/es\\\/services#breadcrumb\",\"itemListElement\":[{\"@type\":\"ListItem\",\"position\":1,\"name\":\"Start\",\"item\":\"https:\\\/\\\/salon-a.es\\\/es\"},{\"@type\":\"ListItem\",\"position\":2,\"name\":\"Servicios\"}]},{\"@type\":\"WebSite\",\"@id\":\"https:\\\/\\\/salon-a.es\\\/es#website\",\"url\":\"https:\\\/\\\/salon-a.es\\\/es\",\"name\":\"Salon A\",\"description\":\"Peluqueria &amp; Esteticista | Friseur &amp; Visagist\",\"publisher\":{\"@id\":\"https:\\\/\\\/salon-a.es\\\/es#organization\"},\"potentialAction\":[{\"@type\":\"SearchAction\",\"target\":{\"@type\":\"EntryPoint\",\"urlTemplate\":\"https:\\\/\\\/salon-a.es\\\/es?s={search_term_string}\"},\"query-input\":{\"@type\":\"PropertyValueSpecification\",\"valueRequired\":true,\"valueName\":\"search_term_string\"}}],\"inLanguage\":\"es\"},{\"@type\":\"Organization\",\"@id\":\"https:\\\/\\\/salon-a.es\\\/es#organization\",\"name\":\"Salon A\",\"url\":\"https:\\\/\\\/salon-a.es\\\/es\",\"logo\":{\"@type\":\"ImageObject\",\"inLanguage\":\"es\",\"@id\":\"https:\\\/\\\/salon-a.es\\\/es#\\\/schema\\\/logo\\\/image\\\/\",\"url\":\"https:\\\/\\\/salon-a.es\\\/wp-content\\\/uploads\\\/2019\\\/06\\\/Logo_mit.png\",\"contentUrl\":\"https:\\\/\\\/salon-a.es\\\/wp-content\\\/uploads\\\/2019\\\/06\\\/Logo_mit.png\",\"width\":3516,\"height\":2565,\"caption\":\"Salon A\"},\"image\":{\"@id\":\"https:\\\/\\\/salon-a.es\\\/es#\\\/schema\\\/logo\\\/image\\\/\"},\"sameAs\":[\"https:\\\/\\\/www.facebook.com\\\/SalonA.Llucmajor\",\"https:\\\/\\\/www.instagram.com\\\/salon.a.llucmajor\\\/\"]}]}<\/script>\n<!-- \/ Yoast SEO plugin. -->","yoast_head_json":{"title":"Servicios - Salon A","description":"Descubre nuestros excelentes servicios para mujeres, como rubios y balayage, extensiones de cabello y mucho m\u00e1s. Peinados perfectos para cada ocasi\u00f3n.","robots":{"index":"index","follow":"follow","max-snippet":"max-snippet:-1","max-image-preview":"max-image-preview:large","max-video-preview":"max-video-preview:-1"},"canonical":"https:\/\/salon-a.es\/es\/services","og_locale":"es_ES","og_type":"article","og_title":"Servicios - Salon A","og_description":"Descubre nuestros excelentes servicios para mujeres, como rubios y balayage, extensiones de cabello y mucho m\u00e1s. Peinados perfectos para cada ocasi\u00f3n.","og_url":"https:\/\/salon-a.es\/es\/services","og_site_name":"Salon A","article_publisher":"https:\/\/www.facebook.com\/SalonA.Llucmajor","article_modified_time":"2026-01-06T07:39:46+00:00","twitter_card":"summary_large_image","twitter_misc":{"Tiempo de lectura":"8 minutos"},"schema":{"@context":"https:\/\/schema.org","@graph":[{"@type":"WebPage","@id":"https:\/\/salon-a.es\/es\/services","url":"https:\/\/salon-a.es\/es\/services","name":"Servicios - Salon A","isPartOf":{"@id":"https:\/\/salon-a.es\/es#website"},"datePublished":"2026-01-05T13:28:43+00:00","dateModified":"2026-01-06T07:39:46+00:00","description":"Descubre nuestros excelentes servicios para mujeres, como rubios y balayage, extensiones de cabello y mucho m\u00e1s. Peinados perfectos para cada ocasi\u00f3n.","breadcrumb":{"@id":"https:\/\/salon-a.es\/es\/services#breadcrumb"},"inLanguage":"es","potentialAction":[{"@type":"ReadAction","target":["https:\/\/salon-a.es\/es\/services"]}]},{"@type":"BreadcrumbList","@id":"https:\/\/salon-a.es\/es\/services#breadcrumb","itemListElement":[{"@type":"ListItem","position":1,"name":"Start","item":"https:\/\/salon-a.es\/es"},{"@type":"ListItem","position":2,"name":"Servicios"}]},{"@type":"WebSite","@id":"https:\/\/salon-a.es\/es#website","url":"https:\/\/salon-a.es\/es","name":"Salon A","description":"Peluqueria &amp; Esteticista | Friseur &amp; Visagist","publisher":{"@id":"https:\/\/salon-a.es\/es#organization"},"potentialAction":[{"@type":"SearchAction","target":{"@type":"EntryPoint","urlTemplate":"https:\/\/salon-a.es\/es?s={search_term_string}"},"query-input":{"@type":"PropertyValueSpecification","valueRequired":true,"valueName":"search_term_string"}}],"inLanguage":"es"},{"@type":"Organization","@id":"https:\/\/salon-a.es\/es#organization","name":"Salon A","url":"https:\/\/salon-a.es\/es","logo":{"@type":"ImageObject","inLanguage":"es","@id":"https:\/\/salon-a.es\/es#\/schema\/logo\/image\/","url":"https:\/\/salon-a.es\/wp-content\/uploads\/2019\/06\/Logo_mit.png","contentUrl":"https:\/\/salon-a.es\/wp-content\/uploads\/2019\/06\/Logo_mit.png","width":3516,"height":2565,"caption":"Salon A"},"image":{"@id":"https:\/\/salon-a.es\/es#\/schema\/logo\/image\/"},"sameAs":["https:\/\/www.facebook.com\/SalonA.Llucmajor","https:\/\/www.instagram.com\/salon.a.llucmajor\/"]}]}},"_links":{"self":[{"href":"https:\/\/salon-a.es\/es\/wp-json\/wp\/v2\/pages\/2045","targetHints":{"allow":["GET"]}}],"collection":[{"href":"https:\/\/salon-a.es\/es\/wp-json\/wp\/v2\/pages"}],"about":[{"href":"https:\/\/salon-a.es\/es\/wp-json\/wp\/v2\/types\/page"}],"author":[{"embeddable":true,"href":"https:\/\/salon-a.es\/es\/wp-json\/wp\/v2\/users\/2"}],"replies":[{"embeddable":true,"href":"https:\/\/salon-a.es\/es\/wp-json\/wp\/v2\/comments?post=2045"}],"version-history":[{"count":8,"href":"https:\/\/salon-a.es\/es\/wp-json\/wp\/v2\/pages\/2045\/revisions"}],"predecessor-version":[{"id":2070,"href":"https:\/\/salon-a.es\/es\/wp-json\/wp\/v2\/pages\/2045\/revisions\/2070"}],"wp:attachment":[{"href":"https:\/\/salon-a.es\/es\/wp-json\/wp\/v2\/media?parent=2045"}],"curies":[{"name":"wp","href":"https:\/\/api.w.org\/{rel}","templated":true}]}}